{"id":1610,"date":"2023-01-12T13:39:48","date_gmt":"2023-01-12T12:39:48","guid":{"rendered":"https:\/\/buch-ist-mehr.de\/zsoltmajsai\/?page_id=1610"},"modified":"2023-01-12T13:50:22","modified_gmt":"2023-01-12T12:50:22","slug":"veraenderungen-geschehen-nicht-immer-unverhofft","status":"publish","type":"page","link":"https:\/\/buch-ist-mehr.de\/zsoltmajsai\/veraenderungen-geschehen-nicht-immer-unverhofft\/","title":{"rendered":"Ver\u00e4nderungen geschehen nicht immer unverhofft"},"content":{"rendered":"\t\t<div data-elementor-type=\"wp-page\" data-elementor-id=\"1610\" class=\"elementor elementor-1610\" data-elementor-post-type=\"page\">\n\t\t\t\t<div class=\"elementor-element elementor-element-3798f52 e-flex e-con-boxed e-con e-parent\" data-id=\"3798f52\" data-element_type=\"container\">\n\t\t\t\t\t<div class=\"e-con-inner\">\n\t\t\t\t\t<\/div>\n\t\t\t\t<\/div>\n\t\t\t\t<section class=\"elementor-section elementor-top-section elementor-element elementor-element-5792d671 elementor-section-boxed elementor-section-height-default elementor-section-height-default\" data-id=\"5792d671\" data-element_type=\"section\">\n\t\t\t\t\t\t<div class=\"elementor-container elementor-column-gap-default\">\n\t\t\t\t\t<div class=\"elementor-column elementor-col-100 elementor-top-column elementor-element elementor-element-4a07b168\" data-id=\"4a07b168\" data-element_type=\"column\">\n\t\t\t<div class=\"elementor-widget-wrap elementor-element-populated\">\n\t\t\t\t\t\t<div class=\"elementor-element elementor-element-14933b34 elementor-widget elementor-widget-text-editor\" data-id=\"14933b34\" data-element_type=\"widget\" data-widget_type=\"text-editor.default\">\n\t\t\t\t<div class=\"elementor-widget-container\">\n\t\t\t\t\t\t\t\t\t\n<p>Die Ver\u00e4nderungen, die Fiona erlebt, kommen wie aus heiterem Himmel. Ihr Bruder stirbt, sie ermittelt und unversehens geht es f\u00fcr sie nicht nur um ihren Bruder, sondern in erster Linie um sie selbst. Alles ist pl\u00f6tzlich anders, sie sieht sich gezwungen, \u00fcber ihr ganzes Leben nachzudenken.<\/p>\n\n<p>Nicht immer sind es traumatische Ereignisse, die den Wunsch entstehen lassen, etwas anders zu machen. Und die wenigsten von uns haben pl\u00f6tzlich \u00fcbermenschliche Kr\u00e4fte. Und erst recht die wenigsten von uns haben mehr als ein Leben.<\/p>\n\n<p>Wenn also selbst Fiona sich viele Gedanken dar\u00fcber macht, wie sie leben will, gilt das erst recht f\u00fcr Normalsterbliche. Wir haben, vermutlich, nur ein Leben. So ganz genau wei\u00df das niemand, zumindest kenne ich niemanden, der mir wirklich belastbare Auskunft dazu geben kann, ob es mehr gibt als dieses eine, physische, Leben. Meinungen dazu gibt es viele, das ist auch mir bewusst.<\/p>\n\n<p>Doch wer ist in der gl\u00fccklichen Lage, es wirklich zu wissen? Nicht nur etwas zu glauben oder sich daran festzuhalten, dass die &#8222;Wissenschaft&#8220; niemanden kennt, der schon seit Jahrtausenden lebt oder wiedergeboren wurde? Es ist einfach zu sagen, die Wissenschaft findet keine Hinweise, dass &#8222;etwas&#8220; den physischen Tod \u00fcberlebt oder keinen Hinweis auf etwas wie die &#8222;Seele&#8220;.<\/p>\n<p>Nun, wir wissen es wohl nicht und selbst wenn wir es vielleicht im Augenblick unseres Todes erfahren werden &#8211; was wollen wir mit der Zeit bis dahin anfangen?<\/p>\n<p>Dar\u00fcber nachzudenken k\u00f6nnte sich lohnen. F\u00fcr jeden von uns.<\/p>\n\t\t\t\t\t\t\t\t<\/div>\n\t\t\t\t<\/div>\n\t\t\t\t\t<\/div>\n\t\t<\/div>\n\t\t\t\t\t<\/div>\n\t\t<\/section>\n\t\t\t\t<\/div>\n\t\t","protected":false},"excerpt":{"rendered":"<p>Die Ver\u00e4nderungen, die Fiona erlebt, kommen wie aus heiterem Himmel. Ihr Bruder stirbt, sie ermittelt und unversehens geht es f\u00fcr sie nicht nur um ihren Bruder, sondern in erster Linie um sie selbst. Alles ist pl\u00f6tzlich anders, sie sieht sich gezwungen, \u00fcber ihr ganzes Leben nachzudenken. Nicht immer sind es traumatische Ereignisse, die den Wunsch [&hellip;]<\/p>\n","protected":false},"author":1,"featured_media":459,"parent":0,"menu_order":0,"comment_status":"closed","ping_status":"closed","template":"","meta":{"footnotes":""},"class_list":["post-1610","page","type-page","status-publish","has-post-thumbnail","hentry"],"_links":{"self":[{"href":"https:\/\/buch-ist-mehr.de\/zsoltmajsai\/wp-json\/wp\/v2\/pages\/1610","targetHints":{"allow":["GET"]}}],"collection":[{"href":"https:\/\/buch-ist-mehr.de\/zsoltmajsai\/wp-json\/wp\/v2\/pages"}],"about":[{"href":"https:\/\/buch-ist-mehr.de\/zsoltmajsai\/wp-json\/wp\/v2\/types\/page"}],"author":[{"embeddable":true,"href":"https:\/\/buch-ist-mehr.de\/zsoltmajsai\/wp-json\/wp\/v2\/users\/1"}],"replies":[{"embeddable":true,"href":"https:\/\/buch-ist-mehr.de\/zsoltmajsai\/wp-json\/wp\/v2\/comments?post=1610"}],"version-history":[{"count":28,"href":"https:\/\/buch-ist-mehr.de\/zsoltmajsai\/wp-json\/wp\/v2\/pages\/1610\/revisions"}],"predecessor-version":[{"id":1639,"href":"https:\/\/buch-ist-mehr.de\/zsoltmajsai\/wp-json\/wp\/v2\/pages\/1610\/revisions\/1639"}],"wp:featuredmedia":[{"embeddable":true,"href":"https:\/\/buch-ist-mehr.de\/zsoltmajsai\/wp-json\/wp\/v2\/media\/459"}],"wp:attachment":[{"href":"https:\/\/buch-ist-mehr.de\/zsoltmajsai\/wp-json\/wp\/v2\/media?parent=1610"}],"curies":[{"name":"wp","href":"https:\/\/api.w.org\/{rel}","templated":true}]}}